{"id":5469,"date":"2026-03-26T18:26:02","date_gmt":"2026-03-26T18:26:02","guid":{"rendered":"https:\/\/laboratorium.eus\/?page_id=5469"},"modified":"2026-04-01T13:51:59","modified_gmt":"2026-04-01T13:51:59","slug":"tarifas","status":"publish","type":"page","link":"https:\/\/laboratorium.eus\/es\/visitanos\/tarifas\/","title":{"rendered":"Tarifas"},"content":{"rendered":"\n<div class=\"wp-block-essential-blocks-flex-container eb-flex-container-block root-eb-flex-container-6x6mr\"><div class=\"eb-parent-wrapper eb-parent-flex-container eb-parent-eb-flex-container-6x6mr \"><div class=\"eb-flex-container eb-flex-container-6x6mr\"><div class=\"eb-flex-container-inner\">\n<div class=\"wp-block-essential-blocks-flex-container alignfull eb-flex-container-block root-eb-flex-container-p71p3\"><div class=\"eb-parent-wrapper eb-parent-flex-container eb-parent-eb-flex-container-p71p3 \"><div class=\"eb-flex-container eb-flex-container-p71p3\"><div class=\"eb-flex-container-inner\">\n<figure class=\"wp-block-image size-large\"><img loading=\"lazy\" decoding=\"async\" width=\"652\" height=\"1024\" src=\"https:\/\/laboratorium.eus\/wp-content\/uploads\/2026\/03\/Laboratorium-0036-2-652x1024.jpg\" alt=\"\" class=\"wp-image-5232\" srcset=\"https:\/\/laboratorium.eus\/wp-content\/uploads\/2026\/03\/Laboratorium-0036-2-652x1024.jpg 652w, https:\/\/laboratorium.eus\/wp-content\/uploads\/2026\/03\/Laboratorium-0036-2-191x300.jpg 191w, https:\/\/laboratorium.eus\/wp-content\/uploads\/2026\/03\/Laboratorium-0036-2-768x1206.jpg 768w, https:\/\/laboratorium.eus\/wp-content\/uploads\/2026\/03\/Laboratorium-0036-2.jpg 800w\" sizes=\"auto, (max-width: 652px) 100vw, 652px\" \/><\/figure>\n<\/div><\/div><\/div><\/div>\n\n\n\n<div class=\"wp-block-essential-blocks-flex-container eb-flex-container-block root-eb-flex-container-y81pn\"><div class=\"eb-parent-wrapper eb-parent-flex-container eb-parent-eb-flex-container-y81pn \"><div class=\"eb-flex-container eb-flex-container-y81pn\"><div class=\"eb-flex-container-inner\">\n        <div class=\"root-eb-breadcrumb-9li3y wp-block-essential-blocks-breadcrumbs\">\n            <div class=\"eb-parent-wrapper eb-parent-eb-breadcrumb-9li3y \">\n                <div aria-label=\"Breadcrumb\" class=\"eb-breadcrumb-wrapper eb-breadcrumb-9li3y\" data-id=\"eb-breadcrumb-9li3y\">\n                    \n                    <div class=\"eb-breadcrumb\"><span class=\"eb-breadcrumb-item\"><a href=\"https:\/\/laboratorium.eus\/es\/\">Home<\/a><\/span><span class=\"eb-breadcrumb-separator\">\/<\/span><span class=\"eb-breadcrumb-item current\">P\u00e1gina<\/span><\/div>\n                <\/div>\n            <\/div>\n        <\/div>\n\n\n<h1 class=\"wp-block-heading\">tARIFAS<\/h1>\n\n\n\n<p class=\"pt-mono has-text-color has-link-color wp-elements-5cffe67e579a569acea8a77c79be5bf8\" style=\"color:#e82c25;margin-top:-30px\">ENTRADA GENERAL AL MUSEO<\/p>\n\n\n\n<div class=\"wp-block-essential-blocks-flex-container eb-flex-container-block root-eb-flex-container-voyt5\"><div class=\"eb-parent-wrapper eb-parent-flex-container eb-parent-eb-flex-container-voyt5 \"><div class=\"eb-flex-container eb-flex-container-voyt5\"><div class=\"eb-flex-container-inner\">\n<div class=\"wp-block-essential-blocks-flex-container eb-flex-container-block root-eb-flex-container-iczly\"><div class=\"eb-parent-wrapper eb-parent-flex-container eb-parent-eb-flex-container-iczly \"><div class=\"eb-flex-container eb-flex-container-iczly\"><div class=\"eb-flex-container-inner\">\n<p class=\"has-text-align-left linea-roja has-ast-global-color-8-color has-text-color has-link-color has-medium-font-size wp-elements-24f337be857a9a8d41783b7cf543345e\">GENERAL<\/p>\n<\/div><\/div><\/div><\/div>\n\n\n\n<div class=\"wp-block-essential-blocks-flex-container eb-flex-container-block root-eb-flex-container-gxesl\"><div class=\"eb-parent-wrapper eb-parent-flex-container eb-parent-eb-flex-container-gxesl \"><div class=\"eb-flex-container eb-flex-container-gxesl\"><div class=\"eb-flex-container-inner\">\n<p class=\"has-text-align-right has-ast-global-color-1-color has-text-color has-link-color has-medium-font-size wp-elements-229c51891bf384a498422bd3c9cdef55\"><strong>4,40\u20ac<\/strong><\/p>\n<\/div><\/div><\/div><\/div>\n<\/div><\/div><\/div><\/div>\n\n\n\n<div class=\"wp-block-essential-blocks-flex-container eb-flex-container-block root-eb-flex-container-eer00\"><div class=\"eb-parent-wrapper eb-parent-flex-container eb-parent-eb-flex-container-eer00 \"><div class=\"eb-flex-container eb-flex-container-eer00\"><div class=\"eb-flex-container-inner\">\n<div class=\"wp-block-essential-blocks-flex-container eb-flex-container-block root-eb-flex-container-utqjk\"><div class=\"eb-parent-wrapper eb-parent-flex-container eb-parent-eb-flex-container-utqjk \"><div class=\"eb-flex-container eb-flex-container-utqjk\"><div class=\"eb-flex-container-inner\">\n<p class=\"has-text-align-left linea-roja has-ast-global-color-8-color has-text-color has-link-color has-medium-font-size wp-elements-63200c149373f655cebe3d0f0b324b91\">GRUPOS<\/p>\n<\/div><\/div><\/div><\/div>\n\n\n\n<div class=\"wp-block-essential-blocks-flex-container eb-flex-container-block root-eb-flex-container-fl5pz\"><div class=\"eb-parent-wrapper eb-parent-flex-container eb-parent-eb-flex-container-fl5pz \"><div class=\"eb-flex-container eb-flex-container-fl5pz\"><div class=\"eb-flex-container-inner\">\n<p class=\"has-text-align-right has-ast-global-color-1-color has-text-color has-link-color has-medium-font-size wp-elements-39d8ac0e0594e8fa990a19fc43ecd32e\"><strong>2,80\u20ac<\/strong><\/p>\n\n\n\n<p class=\"has-text-align-right has-ast-global-color-8-color has-text-color has-link-color wp-elements-b252fb7da48204c34bcd260993fca444\" style=\"margin-top:-50px;font-size:12px\">(por persona; 8 personas o m\u00e1s)<\/p>\n<\/div><\/div><\/div><\/div>\n<\/div><\/div><\/div><\/div>\n\n\n\n<div class=\"wp-block-essential-blocks-flex-container eb-flex-container-block root-eb-flex-container-gm58g\"><div class=\"eb-parent-wrapper eb-parent-flex-container eb-parent-eb-flex-container-gm58g \"><div class=\"eb-flex-container eb-flex-container-gm58g\"><div class=\"eb-flex-container-inner\">\n<div class=\"wp-block-essential-blocks-flex-container eb-flex-container-block root-eb-flex-container-bouza\"><div class=\"eb-parent-wrapper eb-parent-flex-container eb-parent-eb-flex-container-bouza \"><div class=\"eb-flex-container eb-flex-container-bouza\"><div class=\"eb-flex-container-inner\">\n<p class=\"has-text-align-left linea-roja has-ast-global-color-8-color has-text-color has-link-color has-medium-font-size wp-elements-591057df4a031eafa59dd7a1c4b454cf\">REDUCIDA<\/p>\n<\/div><\/div><\/div><\/div>\n\n\n\n<div class=\"wp-block-essential-blocks-flex-container eb-flex-container-block root-eb-flex-container-glqr6\"><div class=\"eb-parent-wrapper eb-parent-flex-container eb-parent-eb-flex-container-glqr6 \"><div class=\"eb-flex-container eb-flex-container-glqr6\"><div class=\"eb-flex-container-inner\">\n<p class=\"has-text-align-right has-ast-global-color-1-color has-text-color has-link-color has-medium-font-size wp-elements-f6ef9e9c8c0646944dbfe1b33754b9c5\" style=\"font-style:normal;font-weight:700\">2,25\u20ac<\/p>\n\n\n\n<p class=\"has-text-align-right has-ast-global-color-8-color has-text-color has-link-color wp-elements-e985c77f2263093db7a1ad78443f5ed7\" style=\"margin-top:-40px;font-size:12px;line-height:1\">(Miembros de familias numerosas, estudiantes, mayores de 65 a\u00f1os, personas perceptoras de RGI, pensionistas no contributivos)<\/p>\n<\/div><\/div><\/div><\/div>\n<\/div><\/div><\/div><\/div>\n\n\n\n<div class=\"wp-block-essential-blocks-flex-container eb-flex-container-block root-eb-flex-container-sbgm6\"><div class=\"eb-parent-wrapper eb-parent-flex-container eb-parent-eb-flex-container-sbgm6 \"><div class=\"eb-flex-container eb-flex-container-sbgm6\"><div class=\"eb-flex-container-inner\">\n<div class=\"wp-block-essential-blocks-flex-container eb-flex-container-block root-eb-flex-container-ft4mt\"><div class=\"eb-parent-wrapper eb-parent-flex-container eb-parent-eb-flex-container-ft4mt \"><div class=\"eb-flex-container eb-flex-container-ft4mt\"><div class=\"eb-flex-container-inner\">\n<p class=\"has-text-align-left linea-roja has-ast-global-color-8-color has-text-color has-link-color has-medium-font-size wp-elements-82981ff5ee9d18ce04abe46473782c43\">GRATIS<\/p>\n<\/div><\/div><\/div><\/div>\n\n\n\n<div class=\"wp-block-essential-blocks-flex-container eb-flex-container-block root-eb-flex-container-sbku0\"><div class=\"eb-parent-wrapper eb-parent-flex-container eb-parent-eb-flex-container-sbku0 \"><div class=\"eb-flex-container eb-flex-container-sbku0\"><div class=\"eb-flex-container-inner\">\n<p class=\"has-text-align-right has-ast-global-color-1-color has-text-color has-link-color has-medium-font-size wp-elements-ef9e15d9b88db5c931f766065162a672\" style=\"font-style:normal;font-weight:700\">0\u20ac<\/p>\n\n\n\n<p class=\"has-text-align-right has-ast-global-color-8-color has-text-color has-link-color wp-elements-247bb121b3f753f6a4a235c945a526e9\" style=\"margin-top:-40px;font-size:12px;line-height:1\">(Menores de 14 a\u00f1os, carn\u00e9 joven (EYCA), carn\u00e9 ICOM, personas con discapacidad, personas en situaci\u00f3n de desempleo*, profesorado y todo el p\u00fablico en general el D\u00eda Internacional de los Museos, 18 de mayo)<\/p>\n<\/div><\/div><\/div><\/div>\n<\/div><\/div><\/div><\/div>\n\n\n\n<div class=\"wp-block-essential-blocks-flex-container eb-flex-container-block root-eb-flex-container-9e2w7\"><div class=\"eb-parent-wrapper eb-parent-flex-container eb-parent-eb-flex-container-9e2w7 \"><div class=\"eb-flex-container eb-flex-container-9e2w7\"><div class=\"eb-flex-container-inner\">\n<div class=\"wp-block-essential-blocks-flex-container eb-flex-container-block root-eb-flex-container-rhctc\"><div class=\"eb-parent-wrapper eb-parent-flex-container eb-parent-eb-flex-container-rhctc \"><div class=\"eb-flex-container eb-flex-container-rhctc\"><div class=\"eb-flex-container-inner\"><\/div><\/div><\/div><\/div>\n\n\n\n<div class=\"wp-block-essential-blocks-flex-container eb-flex-container-block root-eb-flex-container-u5zfg\"><div class=\"eb-parent-wrapper eb-parent-flex-container eb-parent-eb-flex-container-u5zfg \"><div class=\"eb-flex-container eb-flex-container-u5zfg\"><div class=\"eb-flex-container-inner\">\n<p class=\"has-text-align-right has-ast-global-color-8-color has-text-color has-link-color wp-elements-7967ba109aa596ee98a207007a30ffc8\" style=\"margin-top:0px;font-size:12px;line-height:1\">* En la CAV, el certificado de desempleo puede solicitarse en Lanbide o descargarse desde la web de Lanbide.<\/p>\n<\/div><\/div><\/div><\/div>\n<\/div><\/div><\/div><\/div>\n<\/div><\/div><\/div><\/div>\n<\/div><\/div><\/div><\/div>\n","protected":false},"excerpt":{"rendered":"","protected":false},"author":3,"featured_media":0,"parent":112,"menu_order":0,"comment_status":"closed","ping_status":"closed","template":"essential-blocks-fullwidth-template.php","meta":{"_eb_attr":"","_eb_data_table":"","site-sidebar-layout":"default","site-content-layout":"","ast-site-content-layout":"default","site-content-style":"default","site-sidebar-style":"default","ast-global-header-display":"","ast-banner-title-visibility":"","ast-main-header-display":"","ast-hfb-above-header-display":"","ast-hfb-below-header-display":"","ast-hfb-mobile-header-display":"","site-post-title":"disabled","ast-breadcrumbs-content":"","ast-featured-img":"","footer-sml-layout":"","ast-disable-related-posts":"","theme-transparent-header-meta":"default","adv-header-id-meta":"","stick-header-meta":"default","header-above-stick-meta":"","header-main-stick-meta":"","header-below-stick-meta":"","astra-migrate-meta-layouts":"set","ast-page-background-enabled":"default","ast-page-background-meta":{"desktop":{"background-color":"var(--ast-global-color-5)","background-image":"","background-repeat":"repeat","background-position":"center center","background-size":"auto","background-attachment":"scroll","background-type":"","background-media":"","overlay-type":"","overlay-color":"","overlay-opacity":"","overlay-gradient":""},"tablet":{"background-color":"","background-image":"","background-repeat":"repeat","background-position":"center center","background-size":"auto","background-attachment":"scroll","background-type":"","background-media":"","overlay-type":"","overlay-color":"","overlay-opacity":"","overlay-gradient":""},"mobile":{"background-color":"","background-image":"","background-repeat":"repeat","background-position":"center center","background-size":"auto","background-attachment":"scroll","background-type":"","background-media":"","overlay-type":"","overlay-color":"","overlay-opacity":"","overlay-gradient":""}},"ast-content-background-meta":{"desktop":{"background-color":"var(--ast-global-color-4)","background-image":"","background-repeat":"repeat","background-position":"center center","background-size":"auto","background-attachment":"scroll","background-type":"","background-media":"","overlay-type":"","overlay-color":"","overlay-opacity":"","overlay-gradient":""},"tablet":{"background-color":"var(--ast-global-color-4)","background-image":"","background-repeat":"repeat","background-position":"center center","background-size":"auto","background-attachment":"scroll","background-type":"","background-media":"","overlay-type":"","overlay-color":"","overlay-opacity":"","overlay-gradient":""},"mobile":{"background-color":"var(--ast-global-color-4)","background-image":"","background-repeat":"repeat","background-position":"center center","background-size":"auto","background-attachment":"scroll","background-type":"","background-media":"","overlay-type":"","overlay-color":"","overlay-opacity":"","overlay-gradient":""}},"footnotes":""},"class_list":["post-5469","page","type-page","status-publish","hentry"],"_links":{"self":[{"href":"https:\/\/laboratorium.eus\/es\/wp-json\/wp\/v2\/pages\/5469","targetHints":{"allow":["GET"]}}],"collection":[{"href":"https:\/\/laboratorium.eus\/es\/wp-json\/wp\/v2\/pages"}],"about":[{"href":"https:\/\/laboratorium.eus\/es\/wp-json\/wp\/v2\/types\/page"}],"author":[{"embeddable":true,"href":"https:\/\/laboratorium.eus\/es\/wp-json\/wp\/v2\/users\/3"}],"replies":[{"embeddable":true,"href":"https:\/\/laboratorium.eus\/es\/wp-json\/wp\/v2\/comments?post=5469"}],"version-history":[{"count":20,"href":"https:\/\/laboratorium.eus\/es\/wp-json\/wp\/v2\/pages\/5469\/revisions"}],"predecessor-version":[{"id":6269,"href":"https:\/\/laboratorium.eus\/es\/wp-json\/wp\/v2\/pages\/5469\/revisions\/6269"}],"up":[{"embeddable":true,"href":"https:\/\/laboratorium.eus\/es\/wp-json\/wp\/v2\/pages\/112"}],"wp:attachment":[{"href":"https:\/\/laboratorium.eus\/es\/wp-json\/wp\/v2\/media?parent=5469"}],"curies":[{"name":"wp","href":"https:\/\/api.w.org\/{rel}","templated":true}]}}