{"id":5550,"date":"2026-03-26T22:14:37","date_gmt":"2026-03-26T22:14:37","guid":{"rendered":"https:\/\/laboratorium.eus\/?page_id=5550"},"modified":"2026-03-30T10:22:06","modified_gmt":"2026-03-30T10:22:06","slug":"museo-laboratorium-abriendo-camino-ciencia","status":"publish","type":"page","link":"https:\/\/laboratorium.eus\/es\/museo-laboratorium-abriendo-camino-ciencia\/","title":{"rendered":"Laboratorium Museoa, abriendo camino a la ciencia"},"content":{"rendered":"\n<div class=\"wp-block-essential-blocks-flex-container eb-flex-container-block root-eb-flex-container-6x6mr\"><div class=\"eb-parent-wrapper eb-parent-flex-container eb-parent-eb-flex-container-6x6mr \"><div class=\"eb-flex-container eb-flex-container-6x6mr\"><div class=\"eb-flex-container-inner\">\n<div class=\"wp-block-essential-blocks-flex-container alignfull eb-flex-container-block root-eb-flex-container-p71p3\"><div class=\"eb-parent-wrapper eb-parent-flex-container eb-parent-eb-flex-container-p71p3 \"><div class=\"eb-flex-container eb-flex-container-p71p3\"><div class=\"eb-flex-container-inner\">\n<figure class=\"wp-block-image size-full is-resized\"><img loading=\"lazy\" decoding=\"async\" width=\"721\" height=\"1700\" src=\"https:\/\/laboratorium.eus\/wp-content\/uploads\/2026\/03\/Laboratorium-0188-2.jpg\" alt=\"\" class=\"wp-image-5566\" style=\"width:auto;height:1700px\" srcset=\"https:\/\/laboratorium.eus\/wp-content\/uploads\/2026\/03\/Laboratorium-0188-2.jpg 721w, https:\/\/laboratorium.eus\/wp-content\/uploads\/2026\/03\/Laboratorium-0188-2-127x300.jpg 127w, https:\/\/laboratorium.eus\/wp-content\/uploads\/2026\/03\/Laboratorium-0188-2-434x1024.jpg 434w, https:\/\/laboratorium.eus\/wp-content\/uploads\/2026\/03\/Laboratorium-0188-2-651x1536.jpg 651w\" sizes=\"auto, (max-width: 721px) 100vw, 721px\" \/><\/figure>\n<\/div><\/div><\/div><\/div>\n\n\n\n<div class=\"wp-block-essential-blocks-flex-container eb-flex-container-block root-eb-flex-container-y81pn\"><div class=\"eb-parent-wrapper eb-parent-flex-container eb-parent-eb-flex-container-y81pn \"><div class=\"eb-flex-container eb-flex-container-y81pn\"><div class=\"eb-flex-container-inner\">\n        <div class=\"root-eb-breadcrumb-9li3y wp-block-essential-blocks-breadcrumbs\">\n            <div class=\"eb-parent-wrapper eb-parent-eb-breadcrumb-9li3y \">\n                <div aria-label=\"Breadcrumb\" class=\"eb-breadcrumb-wrapper eb-breadcrumb-9li3y\" data-id=\"eb-breadcrumb-9li3y\">\n                    \n                    <div class=\"eb-breadcrumb\"><span class=\"eb-breadcrumb-item\"><a href=\"https:\/\/laboratorium.eus\/es\/\">Home<\/a><\/span><span class=\"eb-breadcrumb-separator\">\/<\/span><span class=\"eb-breadcrumb-item current\">P\u00e1gina<\/span><\/div>\n                <\/div>\n            <\/div>\n        <\/div>\n\n\n<h1 class=\"wp-block-heading\">LABORATORIUM MUSEOA, ABRIENDO CAMINO A LA CIENCIA<\/h1>\n\n\n\n<p class=\"has-ast-global-color-8-color has-text-color has-link-color wp-elements-58b7b0df80f3ecdb75cfac1d6800a1ba\">El Museo Laboratorium de Bergara es un espacio dedicado a la divulgaci\u00f3n cient\u00edfica que conecta pasado, presente y futuro. Ubicado en un enclave hist\u00f3rico excepcional, en el Palacio Errekalde de Bergara, el museo se asienta en uno de los escenarios m\u00e1s significativos para el desarrollo de la ciencia en el Pa\u00eds Vasco.<\/p>\n\n\n\n<p class=\"has-ast-global-color-8-color has-text-color has-link-color wp-elements-e55aee7a88eb044e0c6adee4a4f39f27\">Bergara fue, en el siglo XVIII, uno de los grandes focos cient\u00edficos de la Ilustraci\u00f3n, y aqu\u00ed tuvo lugar un hito de relevancia internacional: el descubrimiento del wolframio (tungsteno) por los hermanos Elhuyar en 1783. Este acontecimiento situ\u00f3 a Bergara en la historia universal de la qu\u00edmica y la f\u00edsica, consolidando su legado cient\u00edfico.&nbsp;<\/p>\n\n\n\n<p class=\"has-ast-global-color-8-color has-text-color has-link-color wp-elements-b3392d38f3dc19e8fe63c4b381295122\">El Museo Laboratorium no es solo un espacio expositivo. Es un laboratorio vivo donde la historia de la ciencia \u2014desde el descubrimiento del wolframio hasta los retos cient\u00edficos actuales\u2014 dialoga con el presente y donde la ciudadan\u00eda puede experimentar, descubrir y hacerse nuevas preguntas.&nbsp;<\/p>\n\n\n\n<h2 class=\"wp-block-heading\">EPS Historic Site<\/h2>\n\n\n\n<p class=\"has-ast-global-color-8-color has-text-color has-link-color wp-elements-775b0cf1c95715ea0570012a78e2d57f\">La European Physical Society (<a href=\"http:\/\/www.eps.org\" target=\"_blank\" rel=\"noopener\">EPS<\/a>) distingui\u00f3 a Bergara, en 2018, como EPS Historic Site, un sello que identifica lugares de especial relevancia en la historia de la f\u00edsica en Europa. Con esta distinci\u00f3n, Laboratorium pas\u00f3 a formar parte del mapa cient\u00edfico europeo, convirti\u00e9ndose en el tercer lugar del Estado en recibir este nombramiento, poniendo en valor los tesoros cient\u00edficos de Bergara y su contribuci\u00f3n al conocimiento.<\/p>\n\n\n\n<h2 class=\"wp-block-heading\">Nuestra misi\u00f3n<\/h2>\n\n\n\n<p class=\"has-ast-global-color-8-color has-text-color has-link-color wp-elements-db651e4c21eb611633959fc619f58ad2\">El Museo Laboratorium trabaja para acercar la ciencia a la sociedad de manera accesible, participativa y estimulante. Queremos despertar la curiosidad, fomentar el pensamiento cr\u00edtico y promover vocaciones cient\u00edficas entre ni\u00f1os, ni\u00f1as y j\u00f3venes. Al mismo tiempo, generamos espacios de aprendizaje y reflexi\u00f3n para todos los p\u00fablicos.<\/p>\n\n\n\n<h2 class=\"wp-block-heading\">Nuestra visi\u00f3n<\/h2>\n\n\n\n<p class=\"has-black-color has-text-color has-link-color wp-elements-5d83ff6b5d08718d0a1047be56c11f7b\">Trabajamos para ser un museo social y din\u00e1mico, referente en la divulgaci\u00f3n cient\u00edfica en el Pa\u00eds Vasco, que combine rigor hist\u00f3rico, innovaci\u00f3n y participaci\u00f3n ciudadana. Aspiramos a consolidarnos como un punto de encuentro entre educaci\u00f3n, cultura y ciencia, donde el conocimiento se comparte y se construye colectivamente.<\/p>\n\n\n\n<h2 class=\"wp-block-heading\">Nuestros valores<\/h2>\n\n\n\n<ul class=\"wp-block-list has-ast-global-color-8-color has-text-color has-link-color wp-elements-75e8a5c1e9eacd851124fa53f9461565\">\n<li>Rigor cient\u00edfico: divulgamos desde el conocimiento y la investigaci\u00f3n.<\/li>\n\n\n\n<li>Accesibilidad: la ciencia es para todas las personas.<\/li>\n\n\n\n<li>Participaci\u00f3n: fomentamos la interacci\u00f3n y el aprendizaje activo.<\/li>\n\n\n\n<li>Igualdad: visibilizamos referentes diversos y promovemos oportunidades para todas y todos.<\/li>\n\n\n\n<li>Innovaci\u00f3n: apostamos por nuevas formas de experimentar y comunicar la ciencia.<\/li>\n<\/ul>\n\n\n\n<p class=\"has-black-color has-text-color has-link-color wp-elements-349e4428a1b8d81be9a2afdf5c9e4f18\">Compromiso con el territorio: entendemos el museo como motor cultural y educativo de Bergara y su entorno.<\/p>\n<\/div><\/div><\/div><\/div>\n<\/div><\/div><\/div><\/div>\n","protected":false},"excerpt":{"rendered":"","protected":false},"author":3,"featured_media":0,"parent":0,"menu_order":0,"comment_status":"closed","ping_status":"closed","template":"essential-blocks-fullwidth-template.php","meta":{"_eb_attr":"","_eb_data_table":"","site-sidebar-layout":"default","site-content-layout":"","ast-site-content-layout":"default","site-content-style":"default","site-sidebar-style":"default","ast-global-header-display":"","ast-banner-title-visibility":"","ast-main-header-display":"","ast-hfb-above-header-display":"","ast-hfb-below-header-display":"","ast-hfb-mobile-header-display":"","site-post-title":"","ast-breadcrumbs-content":"","ast-featured-img":"","footer-sml-layout":"","ast-disable-related-posts":"","theme-transparent-header-meta":"default","adv-header-id-meta":"","stick-header-meta":"default","header-above-stick-meta":"","header-main-stick-meta":"","header-below-stick-meta":"","astra-migrate-meta-layouts":"set","ast-page-background-enabled":"default","ast-page-background-meta":{"desktop":{"background-color":"var(--ast-global-color-5)","background-image":"","background-repeat":"repeat","background-position":"center center","background-size":"auto","background-attachment":"scroll","background-type":"","background-media":"","overlay-type":"","overlay-color":"","overlay-opacity":"","overlay-gradient":""},"tablet":{"background-color":"","background-image":"","background-repeat":"repeat","background-position":"center center","background-size":"auto","background-attachment":"scroll","background-type":"","background-media":"","overlay-type":"","overlay-color":"","overlay-opacity":"","overlay-gradient":""},"mobile":{"background-color":"","background-image":"","background-repeat":"repeat","background-position":"center center","background-size":"auto","background-attachment":"scroll","background-type":"","background-media":"","overlay-type":"","overlay-color":"","overlay-opacity":"","overlay-gradient":""}},"ast-content-background-meta":{"desktop":{"background-color":"var(--ast-global-color-4)","background-image":"","background-repeat":"repeat","background-position":"center center","background-size":"auto","background-attachment":"scroll","background-type":"","background-media":"","overlay-type":"","overlay-color":"","overlay-opacity":"","overlay-gradient":""},"tablet":{"background-color":"var(--ast-global-color-4)","background-image":"","background-repeat":"repeat","background-position":"center center","background-size":"auto","background-attachment":"scroll","background-type":"","background-media":"","overlay-type":"","overlay-color":"","overlay-opacity":"","overlay-gradient":""},"mobile":{"background-color":"var(--ast-global-color-4)","background-image":"","background-repeat":"repeat","background-position":"center center","background-size":"auto","background-attachment":"scroll","background-type":"","background-media":"","overlay-type":"","overlay-color":"","overlay-opacity":"","overlay-gradient":""}},"footnotes":""},"class_list":["post-5550","page","type-page","status-publish","hentry"],"_links":{"self":[{"href":"https:\/\/laboratorium.eus\/es\/wp-json\/wp\/v2\/pages\/5550","targetHints":{"allow":["GET"]}}],"collection":[{"href":"https:\/\/laboratorium.eus\/es\/wp-json\/wp\/v2\/pages"}],"about":[{"href":"https:\/\/laboratorium.eus\/es\/wp-json\/wp\/v2\/types\/page"}],"author":[{"embeddable":true,"href":"https:\/\/laboratorium.eus\/es\/wp-json\/wp\/v2\/users\/3"}],"replies":[{"embeddable":true,"href":"https:\/\/laboratorium.eus\/es\/wp-json\/wp\/v2\/comments?post=5550"}],"version-history":[{"count":20,"href":"https:\/\/laboratorium.eus\/es\/wp-json\/wp\/v2\/pages\/5550\/revisions"}],"predecessor-version":[{"id":5693,"href":"https:\/\/laboratorium.eus\/es\/wp-json\/wp\/v2\/pages\/5550\/revisions\/5693"}],"wp:attachment":[{"href":"https:\/\/laboratorium.eus\/es\/wp-json\/wp\/v2\/media?parent=5550"}],"curies":[{"name":"wp","href":"https:\/\/api.w.org\/{rel}","templated":true}]}}